{"id":2833,"date":"2024-02-21T18:59:02","date_gmt":"2024-02-21T16:59:02","guid":{"rendered":"https:\/\/atour.ee\/?page_id=2833"},"modified":"2024-02-21T18:59:03","modified_gmt":"2024-02-21T16:59:03","slug":"novye-i-interesnye-napravleniya-pryamoj-rejs-iz-tallinna-ili-rigi","status":"publish","type":"page","link":"https:\/\/atour.ee\/ru\/novye-i-interesnye-napravleniya-pryamoj-rejs-iz-tallinna-ili-rigi\/","title":{"rendered":"\u041d\u043e\u0432\u044b\u0435 \u0438 \u0438\u043d\u0442\u0435\u0440\u0435\u0441\u043d\u044b\u0435 \u043d\u0430\u043f\u0440\u0430\u0432\u043b\u0435\u043d\u0438\u044f! \u041f\u0440\u044f\u043c\u043e\u0439 \u0440\u0435\u0439\u0441 \u0438\u0437 \u0422\u0430\u043b\u043b\u0438\u043d\u043d\u0430 \u0438\u043b\u0438 \u0420\u0438\u0433\u0438."},"content":{"rendered":"\n<h2 class=\"wp-block-heading\">\u0410\u043b\u0431\u0430\u043d\u0438\u044f<\/h2>\n\n\n\n<p>\u041f\u043e\u0435\u0437\u0434\u043a\u0438 \u0438\u0437 \u0422\u0430\u043b\u043b\u0438\u043d\u043d\u0430 \u0441\u043e\u0441\u0442\u043e\u044f\u0442\u0441\u044f \u0441 1 \u0438\u044e\u043d\u044f 2024 \u0433. \u043f\u043e 29 \u0441\u0435\u043d\u0442\u044f\u0431\u0440\u044f 2024 \u0433. (1 \u0440\u0430\u0437 \u0432 \u043d\u0435\u0434\u0435\u043b\u044e, \u043f\u043e \u0441\u0443\u0431\u0431\u043e\u0442\u0430\u043c).<br>\u041f\u043e\u0435\u0437\u0434\u043a\u0438 \u0438\u0437 \u0420\u0438\u0433\u0438 \u0441\u043e\u0441\u0442\u043e\u044f\u0442\u0441\u044f \u0441 30 \u043c\u0430\u044f 2024 \u0433. \u043f\u043e 26 \u0441\u0435\u043d\u0442\u044f\u0431\u0440\u044f 2024 \u0433. (1 \u0440\u0430\u0437 \u0432 \u043d\u0435\u0434\u0435\u043b\u044e, \u043f\u043e \u0447\u0435\u0442\u0432\u0435\u0440\u0433\u0430\u043c).<\/p>\n\n\n\n<ul class=\"wp-block-list\">\n<li>Green Park 3* \u0437\u0430\u0432\u0442\u0440\u0430\u043a \u0438 \u0443\u0436\u0438\u043d<\/li>\n\n\n\n<li>Marika 4* \u0432\u0441\u0435 \u0432\u043a\u043b\u044e\u0447\u0435\u043d\u043e<\/li>\n\n\n\n<li>Besani 4* \u0432\u0441\u0435 \u0432\u043a\u043b\u044e\u0447\u0435\u043d\u043e<\/li>\n\n\n\n<li>New Akileda 4* \u0432\u0441\u0435 \u0432\u043a\u043b\u044e\u0447\u0435\u043d\u043e<\/li>\n\n\n\n<li>Adria Palace 4*\u0432\u0441\u0435 \u0432\u043a\u043b\u044e\u0447\u0435\u043d\u043e<\/li>\n\n\n\n<li>Bleart 4* \u0432\u0441\u0435 \u0432\u043a\u043b\u044e\u0447\u0435\u043d\u043e<\/li>\n\n\n\n<li>Aria Karpen Beach Resort 4* \u0432\u0441\u0435 \u0432\u043a\u043b\u044e\u0447\u0435\u043d\u043e<\/li>\n\n\n\n<li>Albanian Star 4* \u0432\u0441\u0435 \u0432\u043a\u043b\u044e\u0447\u0435\u043d\u043e<\/li>\n\n\n\n<li>Fafa Beach 5* \u0432\u0441\u0435 \u0432\u043a\u043b\u044e\u0447\u0435\u043d\u043e<\/li>\n\n\n\n<li>Supreme Hotel &amp; SPA 4* \u0432\u0441\u0435 \u0432\u043a\u043b\u044e\u0447\u0435\u043d\u043e<\/li>\n\n\n\n<li>Dyrrah 4* \u0432\u0441\u0435 \u0432\u043a\u043b\u044e\u0447\u0435\u043d\u043e<\/li>\n\n\n\n<li>Sandy Beach 4* \u0432\u0441\u0435 \u0432\u043a\u043b\u044e\u0447\u0435\u043d\u043e<\/li>\n\n\n\n<li>Royal G 4* \u0432\u0441\u0435 \u0432\u043a\u043b\u044e\u0447\u0435\u043d\u043e<\/li>\n\n\n\n<li>Royal G Lux 5* \u0432\u0441\u0435 \u0432\u043a\u043b\u044e\u0447\u0435\u043d\u043e<\/li>\n\n\n\n<li>Fafa Sun 5* \u0432\u0441\u0435 \u0432\u043a\u043b\u044e\u0447\u0435\u043d\u043e<\/li>\n\n\n\n<li>Amelia Mare 5* \u0432\u0441\u0435 \u0432\u043a\u043b\u044e\u0447\u0435\u043d\u043e<\/li>\n\n\n\n<li>Flower &amp; Spa 5* \u0432\u0441\u0435 \u0432\u043a\u043b\u044e\u0447\u0435\u043d\u043e<\/li>\n\n\n\n<li>Fafa Aqua Blue 5*\u0432\u0441\u0435 \u0432\u043a\u043b\u044e\u0447\u0435\u043d\u043e<\/li>\n\n\n\n<li>Fafa Premium 5*\u0432\u0441\u0435 \u0432\u043a\u043b\u044e\u0447\u0435\u043d\u043e<\/li>\n\n\n\n<li>Fafa Aqua Palace 5* \u0432\u0441\u0435 \u0432\u043a\u043b\u044e\u0447\u0435\u043d\u043e<\/li>\n\n\n\n<li>Grand Blue Fafa 5* \u0432\u0441\u0435 \u0432\u043a\u043b\u044e\u0447\u0435\u043d\u043e<\/li>\n\n\n\n<li>Amr 4* \u0432\u0441\u0435 \u0432\u043a\u043b\u044e\u0447\u0435\u043d\u043e<\/li>\n\n\n\n<li>Epidamn White Sensation 5* \u0432\u0441\u0435 \u0432\u043a\u043b\u044e\u0447\u0435\u043d\u043e<\/li>\n<\/ul>\n\n\n\n<h2 class=\"wp-block-heading\">\u0421\u0435\u0432\u0435\u0440\u043d\u044b\u0439 \u041a\u0438\u043f\u0440<\/h2>\n\n\n\n<p>\u041f\u043e\u0435\u0437\u0434\u043a\u0438 \u0438\u0437 \u0422\u0430\u043b\u043b\u0438\u043d\u043d\u0430 \u0441\u043e\u0441\u0442\u043e\u044f\u0442\u0441\u044f \u0441 26 \u0430\u043f\u0440\u0435\u043b\u044f 2024 \u0433. \u043f\u043e 27 \u0438\u044e\u043b\u044f 2024 \u0433. (1 \u0440\u0430\u0437 \u0432 \u043d\u0435\u0434\u0435\u043b\u044e, \u043f\u043e \u0441\u0443\u0431\u0431\u043e\u0442\u0430\u043c).<br>\u041f\u043e\u0435\u0437\u0434\u043a\u0438 \u0441 \u043d\u0430\u0447\u0430\u043b\u043e\u043c \u0438\u0437 \u0420\u0438\u0433\u0438 \u0441\u043e\u0441\u0442\u043e\u044f\u0442\u0441\u044f \u0441\u043e 2 \u0430\u0432\u0433\u0443\u0441\u0442\u0430 2024 \u0433. \u043f\u043e 18 \u043e\u043a\u0442\u044f\u0431\u0440\u044f 2024 \u0433. (1 \u0440\u0430\u0437 \u0432 \u043d\u0435\u0434\u0435\u043b\u044e, \u043f\u043e \u043f\u044f\u0442\u043d\u0438\u0446\u0430\u043c).<\/p>\n\n\n\n<ul class=\"wp-block-list\">\n<li>Altinkaya Holiday Resort 3* hommikus\u00f6\u00f6k \/ hommiku ja \u00f5htus\u00f6\u00f6k<\/li>\n\n\n\n<li>Riverside Garden Resort 4* k\u00f5ik hinnas<\/li>\n\n\n\n<li>Long Beach Resort 4* k\u00f5ik hinnas<\/li>\n\n\n\n<li>Pia Bella 4* k\u00f5ik hinnas soft<\/li>\n\n\n\n<li>Manolya 3* hommikus\u00f6\u00f6k \/ hommiku ja \u00f5htus\u00f6\u00f6k<\/li>\n\n\n\n<li>Salamis Bay Conti Resort 5* k\u00f5ik hinnas<\/li>\n\n\n\n<li>Lapida 3* hommikus\u00f6\u00f6k \/ hommiku ja \u00f5htus\u00f6\u00f6k<\/li>\n\n\n\n<li>Oscar Resort 4* k\u00f5ik hinnas soft<\/li>\n\n\n\n<li>Vuni Palace 5* k\u00f5ik hinnas<\/li>\n\n\n\n<li>Mountain View 3* hommikus\u00f6\u00f6k \/ hommiku ja \u00f5htus\u00f6\u00f6k<\/li>\n\n\n\n<li>Acapulco Beach &amp; Spa Resort 5* k\u00f5ik hinnas<\/li>\n\n\n\n<li>Courtyard Long Beach Holiday Resort 4* s\u00f6\u00f6kideta<\/li>\n\n\n\n<li>Mimoza Beach Hotel 3* hommiku ja \u00f5htus\u00f6\u00f6k<\/li>\n\n\n\n<li>Limak Cyprus Deluxe 5* ultra k\u00f5ik hinnas<\/li>\n\n\n\n<li>Arkin Palm Beach 5* hommikus\u00f6\u00f6k \/ hommiku ja \u00f5htus\u00f6\u00f6k<\/li>\n\n\n\n<li>Denizkizi 4* hommikus\u00f6\u00f6k \/ hommiku ja \u00f5htus\u00f6\u00f6k<\/li>\n\n\n\n<li>Denizkizi Royal 4* hommikus\u00f6\u00f6k \/ hommiku ja \u00f5htus\u00f6\u00f6k<\/li>\n\n\n\n<li>Gillham Vineyard 5* hommikus\u00f6\u00f6k<\/li>\n\n\n\n<li>Lord&#8217;s Palace 5* hommiku ja \u00f5htus\u00f6\u00f6k PLUS \/ k\u00f5ik hinnas soft<\/li>\n\n\n\n<li>Cratos Premium 5* k\u00f5ik hinnas PLUS<\/li>\n<\/ul>\n\n\n\n<h2 class=\"wp-block-heading\">\u041e\u0441\u0442\u0440\u043e\u0432 \u042d\u0432\u0438\u044f, \u0413\u0440\u0435\u0446\u0438\u044f<\/h2>\n\n\n\n<p>Reisid algusega Tallinnast toimuvad alates 05.august 2024 &#8212; 23.september 2024 (1 x n\u00e4dalas,esmasp\u00e4eviti)<\/p>\n\n\n\n<ul class=\"wp-block-list\">\n<li>Porto Evia Boutique 4* hommiku ja \u00f5htus\u00f6\u00f6k<\/li>\n\n\n\n<li>Calamos Beach 3* k\u00f5ik hinnas<\/li>\n\n\n\n<li>Stefania Beach Resort 3* k\u00f5ik hinnas<\/li>\n\n\n\n<li>Evia Riviera Resort 4* k\u00f5ik hinnas<\/li>\n\n\n\n<li>Brown Beach Chalkida 4* hommikus\u00f6\u00f6k\/hommiku ja \u00f5htus\u00f6\u00f6k\/hommiku-,l\u00f5una ja \u00f5htus\u00f6\u00f6k<\/li>\n\n\n\n<li>Miramare 3* k\u00f5ik hinnas<\/li>\n\n\n\n<li>Palmariva Beach 4* k\u00f5ik hinnas<\/li>\n\n\n\n<li>Negroponte Resort 5* hommiku ja \u00f5htus\u00f6\u00f6k \/ hommiku-,l\u00f5una ja \u00f5htus\u00f6\u00f6k<\/li>\n\n\n\n<li>Brown Beach Evia Island 4* k\u00f5ik hinnas<\/li>\n\n\n\n<li>Amaronda Resort &amp; Spa 4* k\u00f5ik hinnas<\/li>\n<\/ul>\n\n\n\n<h2 class=\"wp-block-heading\">\u041e\u0441\u0442\u0440\u043e\u0432 \u0422\u0430\u0441\u043e\u0441, \u0413\u0440\u0435\u0446\u0438\u044f<\/h2>\n\n\n\n<p>\u041f\u043e\u0435\u0437\u0434\u043a\u0438 \u0438\u0437 \u0420\u0438\u0433\u0438 \u0441\u043e\u0441\u0442\u043e\u044f\u0442\u0441\u044f \u0441 19 \u043c\u0430\u044f 2024 \u0433. \u043f\u043e 22 \u0441\u0435\u043d\u0442\u044f\u0431\u0440\u044f 2024 \u0433. (1 \u0440\u0430\u0437 \u0432 \u043d\u0435\u0434\u0435\u043b\u044e, \u043f\u043e \u0432\u043e\u0441\u043a\u0440\u0435\u0441\u0435\u043d\u044c\u044f\u043c).<\/p>\n\n\n\n<ul class=\"wp-block-list\">\n<li>La Boheme Luxurious Apartaments 3* ilma s\u00f6\u00f6kideta<\/li>\n\n\n\n<li>Villa Fylaktos 3* ilma s\u00f6\u00f6kideta<\/li>\n\n\n\n<li>Astris Sun 3* hommiku ja \u00f5htus\u00f6\u00f6k<\/li>\n\n\n\n<li>Thassos 3* hommiku ja \u00f5htus\u00f6\u00f6k<\/li>\n\n\n\n<li>Kazaviti 2* hommikus\u00f6\u00f6k<\/li>\n\n\n\n<li>Four Seasons 3* hommiku ja \u00f5htus\u00f6\u00f6k<\/li>\n\n\n\n<li>Inspira boutique (Adults Only) 4* hommiku ja \u00f5htus\u00f6\u00f6k<\/li>\n\n\n\n<li>Aeria 3* k\u00f5ik hinnas<\/li>\n\n\n\n<li>Villa Natassa 3* hommiku ja \u00f5htus\u00f6\u00f6k<\/li>\n\n\n\n<li>Zoe 4* k\u00f5ik hinnas<\/li>\n\n\n\n<li>Aeolis Thassos Palace 4* k\u00f5ik hinnas<\/li>\n\n\n\n<li>Kamari Beach 3* hommikus\u00f6\u00f6k<\/li>\n\n\n\n<li>Rachoni Amazing 3* k\u00f5ik hinnas<\/li>\n\n\n\n<li>Ntinas Filoxenia 4* hommiku ja \u00f5htus\u00f6\u00f6k<\/li>\n\n\n\n<li>Socrates Plaza 3* k\u00f5ik hinnas<\/li>\n\n\n\n<li>Royal Paradise Beach Resort &amp; SPA 5* hommiku ja \u00f5htus\u00f6\u00f6k<\/li>\n\n\n\n<li>Blue Dream Palace 5* hommiku ja \u00f5htus\u00f6\u00f6k<\/li>\n\n\n\n<li>Alexandra Beach Thassos Spa Resort 4* hommiku ja \u00f5htus\u00f6\u00f6k \/ t\u00e4ispanison<\/li>\n\n\n\n<li>Alea &amp; Suites 4* k\u00f5ik hinnas<\/li>\n\n\n\n<li>Ilio Mare 5* hommiku ja \u00f5htus\u00f6\u00f6k<\/li>\n\n\n\n<li>Atrium 4* hommikus\u00f6\u00f6k<\/li>\n\n\n\n<li>Ramada Plaza by Windham 5* k\u00f5ik hinnas<\/li>\n\n\n\n<li>A For Art 4* hommikus\u00f6\u00f6k \/ hommiku ja \u00f5htus\u00f6\u00f6k<\/li>\n\n\n\n<li>Thassos Grand Resort 5* k\u00f5ik hinnas<\/li>\n\n\n\n<li>Alexandra Golden Thassos Boutique 5* hommikus\u00f6\u00f6k \/ hommiku ja \u00f5htus\u00f6\u00f6k<\/li>\n<\/ul>\n","protected":false},"excerpt":{"rendered":"<p>\u0410\u043b\u0431\u0430\u043d\u0438\u044f \u041f\u043e\u0435\u0437\u0434\u043a\u0438 \u0438\u0437 \u0422\u0430\u043b\u043b\u0438\u043d\u043d\u0430 \u0441\u043e\u0441\u0442\u043e\u044f\u0442\u0441\u044f \u0441 1 \u0438\u044e\u043d\u044f 2024 \u0433. \u043f\u043e 29 \u0441\u0435\u043d\u0442\u044f\u0431\u0440\u044f 2024 \u0433. (1 \u0440\u0430\u0437 \u0432 \u043d\u0435\u0434\u0435\u043b\u044e, \u043f\u043e \u0441\u0443\u0431\u0431\u043e\u0442\u0430\u043c).\u041f\u043e\u0435\u0437\u0434\u043a\u0438 \u0438\u0437 \u0420\u0438\u0433\u0438 \u0441\u043e\u0441\u0442\u043e\u044f\u0442\u0441\u044f \u0441 30 \u043c\u0430\u044f 2024 \u0433. \u043f\u043e 26 \u0441\u0435\u043d\u0442\u044f\u0431\u0440\u044f 2024 \u0433. (1 \u0440\u0430\u0437 \u0432 \u043d\u0435\u0434\u0435\u043b\u044e, \u043f\u043e \u0447\u0435\u0442\u0432\u0435\u0440\u0433\u0430\u043c). \u0421\u0435\u0432\u0435\u0440\u043d\u044b\u0439 \u041a\u0438\u043f\u0440 \u041f\u043e\u0435\u0437\u0434\u043a\u0438 \u0438\u0437 \u0422\u0430\u043b\u043b\u0438\u043d\u043d\u0430 \u0441\u043e\u0441\u0442\u043e\u044f\u0442\u0441\u044f \u0441 26 \u0430\u043f\u0440\u0435\u043b\u044f 2024 \u0433. \u043f\u043e 27 \u0438\u044e\u043b\u044f 2024 [&hellip;]<\/p>\n","protected":false},"author":1,"featured_media":0,"parent":0,"menu_order":0,"comment_status":"closed","ping_status":"closed","template":"","meta":{"_acf_changed":false,"inline_featured_image":false,"footnotes":""},"class_list":["post-2833","page","type-page","status-publish","hentry"],"acf":[],"yoast_head":"<!-- This site is optimized with the Yoast SEO plugin v27.4 - https:\/\/yoast.com\/product\/yoast-seo-wordpress\/ -->\n<title>\u041d\u043e\u0432\u044b\u0435 \u0438 \u0438\u043d\u0442\u0435\u0440\u0435\u0441\u043d\u044b\u0435 \u043d\u0430\u043f\u0440\u0430\u0432\u043b\u0435\u043d\u0438\u044f! \u041f\u0440\u044f\u043c\u043e\u0439 \u0440\u0435\u0439\u0441 \u0438\u0437 \u0422\u0430\u043b\u043b\u0438\u043d\u043d\u0430 \u0438\u043b\u0438 \u0420\u0438\u0433\u0438. - Atour<\/title>\n<meta name=\"robots\" content=\"index, follow, max-snippet:-1, max-image-preview:large, max-video-preview:-1\" \/>\n<link rel=\"canonical\" href=\"https:\/\/atour.ee\/ru\/novye-i-interesnye-napravleniya-pryamoj-rejs-iz-tallinna-ili-rigi\/\" \/>\n<meta property=\"og:locale\" content=\"ru_RU\" \/>\n<meta property=\"og:type\" content=\"article\" \/>\n<meta property=\"og:title\" content=\"\u041d\u043e\u0432\u044b\u0435 \u0438 \u0438\u043d\u0442\u0435\u0440\u0435\u0441\u043d\u044b\u0435 \u043d\u0430\u043f\u0440\u0430\u0432\u043b\u0435\u043d\u0438\u044f! \u041f\u0440\u044f\u043c\u043e\u0439 \u0440\u0435\u0439\u0441 \u0438\u0437 \u0422\u0430\u043b\u043b\u0438\u043d\u043d\u0430 \u0438\u043b\u0438 \u0420\u0438\u0433\u0438. - Atour\" \/>\n<meta property=\"og:description\" content=\"\u0410\u043b\u0431\u0430\u043d\u0438\u044f \u041f\u043e\u0435\u0437\u0434\u043a\u0438 \u0438\u0437 \u0422\u0430\u043b\u043b\u0438\u043d\u043d\u0430 \u0441\u043e\u0441\u0442\u043e\u044f\u0442\u0441\u044f \u0441 1 \u0438\u044e\u043d\u044f 2024 \u0433. \u043f\u043e 29 \u0441\u0435\u043d\u0442\u044f\u0431\u0440\u044f 2024 \u0433. (1 \u0440\u0430\u0437 \u0432 \u043d\u0435\u0434\u0435\u043b\u044e, \u043f\u043e \u0441\u0443\u0431\u0431\u043e\u0442\u0430\u043c).\u041f\u043e\u0435\u0437\u0434\u043a\u0438 \u0438\u0437 \u0420\u0438\u0433\u0438 \u0441\u043e\u0441\u0442\u043e\u044f\u0442\u0441\u044f \u0441 30 \u043c\u0430\u044f 2024 \u0433. \u043f\u043e 26 \u0441\u0435\u043d\u0442\u044f\u0431\u0440\u044f 2024 \u0433. (1 \u0440\u0430\u0437 \u0432 \u043d\u0435\u0434\u0435\u043b\u044e, \u043f\u043e \u0447\u0435\u0442\u0432\u0435\u0440\u0433\u0430\u043c). \u0421\u0435\u0432\u0435\u0440\u043d\u044b\u0439 \u041a\u0438\u043f\u0440 \u041f\u043e\u0435\u0437\u0434\u043a\u0438 \u0438\u0437 \u0422\u0430\u043b\u043b\u0438\u043d\u043d\u0430 \u0441\u043e\u0441\u0442\u043e\u044f\u0442\u0441\u044f \u0441 26 \u0430\u043f\u0440\u0435\u043b\u044f 2024 \u0433. \u043f\u043e 27 \u0438\u044e\u043b\u044f 2024 [&hellip;]\" \/>\n<meta property=\"og:url\" content=\"https:\/\/atour.ee\/ru\/novye-i-interesnye-napravleniya-pryamoj-rejs-iz-tallinna-ili-rigi\/\" \/>\n<meta property=\"og:site_name\" content=\"Atour\" \/>\n<meta property=\"article:publisher\" content=\"https:\/\/www.facebook.com\/ReisiburooAtour\/\" \/>\n<meta property=\"article:modified_time\" content=\"2024-02-21T16:59:03+00:00\" \/>\n<meta property=\"og:image\" content=\"https:\/\/atour.ee\/wp-content\/uploads\/2023\/12\/Favicon.jpeg\" \/>\n\t<meta property=\"og:image:width\" content=\"882\" \/>\n\t<meta property=\"og:image:height\" content=\"881\" \/>\n\t<meta property=\"og:image:type\" content=\"image\/jpeg\" \/>\n<meta name=\"twitter:card\" content=\"summary_large_image\" \/>\n<meta name=\"twitter:label1\" content=\"\u041f\u0440\u0438\u043c\u0435\u0440\u043d\u043e\u0435 \u0432\u0440\u0435\u043c\u044f \u0434\u043b\u044f \u0447\u0442\u0435\u043d\u0438\u044f\" \/>\n\t<meta name=\"twitter:data1\" content=\"4 \u043c\u0438\u043d\u0443\u0442\u044b\" \/>\n<script type=\"application\/ld+json\" class=\"yoast-schema-graph\">{\"@context\":\"https:\\\/\\\/schema.org\",\"@graph\":[{\"@type\":\"WebPage\",\"@id\":\"https:\\\/\\\/atour.ee\\\/ru\\\/novye-i-interesnye-napravleniya-pryamoj-rejs-iz-tallinna-ili-rigi\\\/\",\"url\":\"https:\\\/\\\/atour.ee\\\/ru\\\/novye-i-interesnye-napravleniya-pryamoj-rejs-iz-tallinna-ili-rigi\\\/\",\"name\":\"\u041d\u043e\u0432\u044b\u0435 \u0438 \u0438\u043d\u0442\u0435\u0440\u0435\u0441\u043d\u044b\u0435 \u043d\u0430\u043f\u0440\u0430\u0432\u043b\u0435\u043d\u0438\u044f! \u041f\u0440\u044f\u043c\u043e\u0439 \u0440\u0435\u0439\u0441 \u0438\u0437 \u0422\u0430\u043b\u043b\u0438\u043d\u043d\u0430 \u0438\u043b\u0438 \u0420\u0438\u0433\u0438. - Atour\",\"isPartOf\":{\"@id\":\"https:\\\/\\\/atour.ee\\\/ru\\\/#website\"},\"datePublished\":\"2024-02-21T16:59:02+00:00\",\"dateModified\":\"2024-02-21T16:59:03+00:00\",\"breadcrumb\":{\"@id\":\"https:\\\/\\\/atour.ee\\\/ru\\\/novye-i-interesnye-napravleniya-pryamoj-rejs-iz-tallinna-ili-rigi\\\/#breadcrumb\"},\"inLanguage\":\"ru-RU\",\"potentialAction\":[{\"@type\":\"ReadAction\",\"target\":[\"https:\\\/\\\/atour.ee\\\/ru\\\/novye-i-interesnye-napravleniya-pryamoj-rejs-iz-tallinna-ili-rigi\\\/\"]}]},{\"@type\":\"BreadcrumbList\",\"@id\":\"https:\\\/\\\/atour.ee\\\/ru\\\/novye-i-interesnye-napravleniya-pryamoj-rejs-iz-tallinna-ili-rigi\\\/#breadcrumb\",\"itemListElement\":[{\"@type\":\"ListItem\",\"position\":1,\"name\":\"Home\",\"item\":\"https:\\\/\\\/atour.ee\\\/ru\\\/\"},{\"@type\":\"ListItem\",\"position\":2,\"name\":\"\u041d\u043e\u0432\u044b\u0435 \u0438 \u0438\u043d\u0442\u0435\u0440\u0435\u0441\u043d\u044b\u0435 \u043d\u0430\u043f\u0440\u0430\u0432\u043b\u0435\u043d\u0438\u044f! \u041f\u0440\u044f\u043c\u043e\u0439 \u0440\u0435\u0439\u0441 \u0438\u0437 \u0422\u0430\u043b\u043b\u0438\u043d\u043d\u0430 \u0438\u043b\u0438 \u0420\u0438\u0433\u0438.\"}]},{\"@type\":\"WebSite\",\"@id\":\"https:\\\/\\\/atour.ee\\\/ru\\\/#website\",\"url\":\"https:\\\/\\\/atour.ee\\\/ru\\\/\",\"name\":\"Atour\",\"description\":\"\",\"publisher\":{\"@id\":\"https:\\\/\\\/atour.ee\\\/ru\\\/#organization\"},\"potentialAction\":[{\"@type\":\"SearchAction\",\"target\":{\"@type\":\"EntryPoint\",\"urlTemplate\":\"https:\\\/\\\/atour.ee\\\/ru\\\/?s={search_term_string}\"},\"query-input\":{\"@type\":\"PropertyValueSpecification\",\"valueRequired\":true,\"valueName\":\"search_term_string\"}}],\"inLanguage\":\"ru-RU\"},{\"@type\":\"Organization\",\"@id\":\"https:\\\/\\\/atour.ee\\\/ru\\\/#organization\",\"name\":\"Atour\",\"url\":\"https:\\\/\\\/atour.ee\\\/ru\\\/\",\"logo\":{\"@type\":\"ImageObject\",\"inLanguage\":\"ru-RU\",\"@id\":\"https:\\\/\\\/atour.ee\\\/ru\\\/#\\\/schema\\\/logo\\\/image\\\/\",\"url\":\"https:\\\/\\\/atour.ee\\\/wp-content\\\/uploads\\\/2023\\\/12\\\/atour-logo.svg\",\"contentUrl\":\"https:\\\/\\\/atour.ee\\\/wp-content\\\/uploads\\\/2023\\\/12\\\/atour-logo.svg\",\"width\":1390,\"height\":440,\"caption\":\"Atour\"},\"image\":{\"@id\":\"https:\\\/\\\/atour.ee\\\/ru\\\/#\\\/schema\\\/logo\\\/image\\\/\"},\"sameAs\":[\"https:\\\/\\\/www.facebook.com\\\/ReisiburooAtour\\\/\",\"https:\\\/\\\/www.instagram.com\\\/soodsad.reisipakkumised\\\/\"]}]}<\/script>\n<!-- \/ Yoast SEO plugin. -->","yoast_head_json":{"title":"\u041d\u043e\u0432\u044b\u0435 \u0438 \u0438\u043d\u0442\u0435\u0440\u0435\u0441\u043d\u044b\u0435 \u043d\u0430\u043f\u0440\u0430\u0432\u043b\u0435\u043d\u0438\u044f! \u041f\u0440\u044f\u043c\u043e\u0439 \u0440\u0435\u0439\u0441 \u0438\u0437 \u0422\u0430\u043b\u043b\u0438\u043d\u043d\u0430 \u0438\u043b\u0438 \u0420\u0438\u0433\u0438. - Atour","robots":{"index":"index","follow":"follow","max-snippet":"max-snippet:-1","max-image-preview":"max-image-preview:large","max-video-preview":"max-video-preview:-1"},"canonical":"https:\/\/atour.ee\/ru\/novye-i-interesnye-napravleniya-pryamoj-rejs-iz-tallinna-ili-rigi\/","og_locale":"ru_RU","og_type":"article","og_title":"\u041d\u043e\u0432\u044b\u0435 \u0438 \u0438\u043d\u0442\u0435\u0440\u0435\u0441\u043d\u044b\u0435 \u043d\u0430\u043f\u0440\u0430\u0432\u043b\u0435\u043d\u0438\u044f! \u041f\u0440\u044f\u043c\u043e\u0439 \u0440\u0435\u0439\u0441 \u0438\u0437 \u0422\u0430\u043b\u043b\u0438\u043d\u043d\u0430 \u0438\u043b\u0438 \u0420\u0438\u0433\u0438. - Atour","og_description":"\u0410\u043b\u0431\u0430\u043d\u0438\u044f \u041f\u043e\u0435\u0437\u0434\u043a\u0438 \u0438\u0437 \u0422\u0430\u043b\u043b\u0438\u043d\u043d\u0430 \u0441\u043e\u0441\u0442\u043e\u044f\u0442\u0441\u044f \u0441 1 \u0438\u044e\u043d\u044f 2024 \u0433. \u043f\u043e 29 \u0441\u0435\u043d\u0442\u044f\u0431\u0440\u044f 2024 \u0433. (1 \u0440\u0430\u0437 \u0432 \u043d\u0435\u0434\u0435\u043b\u044e, \u043f\u043e \u0441\u0443\u0431\u0431\u043e\u0442\u0430\u043c).\u041f\u043e\u0435\u0437\u0434\u043a\u0438 \u0438\u0437 \u0420\u0438\u0433\u0438 \u0441\u043e\u0441\u0442\u043e\u044f\u0442\u0441\u044f \u0441 30 \u043c\u0430\u044f 2024 \u0433. \u043f\u043e 26 \u0441\u0435\u043d\u0442\u044f\u0431\u0440\u044f 2024 \u0433. (1 \u0440\u0430\u0437 \u0432 \u043d\u0435\u0434\u0435\u043b\u044e, \u043f\u043e \u0447\u0435\u0442\u0432\u0435\u0440\u0433\u0430\u043c). \u0421\u0435\u0432\u0435\u0440\u043d\u044b\u0439 \u041a\u0438\u043f\u0440 \u041f\u043e\u0435\u0437\u0434\u043a\u0438 \u0438\u0437 \u0422\u0430\u043b\u043b\u0438\u043d\u043d\u0430 \u0441\u043e\u0441\u0442\u043e\u044f\u0442\u0441\u044f \u0441 26 \u0430\u043f\u0440\u0435\u043b\u044f 2024 \u0433. \u043f\u043e 27 \u0438\u044e\u043b\u044f 2024 [&hellip;]","og_url":"https:\/\/atour.ee\/ru\/novye-i-interesnye-napravleniya-pryamoj-rejs-iz-tallinna-ili-rigi\/","og_site_name":"Atour","article_publisher":"https:\/\/www.facebook.com\/ReisiburooAtour\/","article_modified_time":"2024-02-21T16:59:03+00:00","og_image":[{"width":882,"height":881,"url":"https:\/\/atour.ee\/wp-content\/uploads\/2023\/12\/Favicon.jpeg","type":"image\/jpeg"}],"twitter_card":"summary_large_image","twitter_misc":{"\u041f\u0440\u0438\u043c\u0435\u0440\u043d\u043e\u0435 \u0432\u0440\u0435\u043c\u044f \u0434\u043b\u044f \u0447\u0442\u0435\u043d\u0438\u044f":"4 \u043c\u0438\u043d\u0443\u0442\u044b"},"schema":{"@context":"https:\/\/schema.org","@graph":[{"@type":"WebPage","@id":"https:\/\/atour.ee\/ru\/novye-i-interesnye-napravleniya-pryamoj-rejs-iz-tallinna-ili-rigi\/","url":"https:\/\/atour.ee\/ru\/novye-i-interesnye-napravleniya-pryamoj-rejs-iz-tallinna-ili-rigi\/","name":"\u041d\u043e\u0432\u044b\u0435 \u0438 \u0438\u043d\u0442\u0435\u0440\u0435\u0441\u043d\u044b\u0435 \u043d\u0430\u043f\u0440\u0430\u0432\u043b\u0435\u043d\u0438\u044f! \u041f\u0440\u044f\u043c\u043e\u0439 \u0440\u0435\u0439\u0441 \u0438\u0437 \u0422\u0430\u043b\u043b\u0438\u043d\u043d\u0430 \u0438\u043b\u0438 \u0420\u0438\u0433\u0438. - Atour","isPartOf":{"@id":"https:\/\/atour.ee\/ru\/#website"},"datePublished":"2024-02-21T16:59:02+00:00","dateModified":"2024-02-21T16:59:03+00:00","breadcrumb":{"@id":"https:\/\/atour.ee\/ru\/novye-i-interesnye-napravleniya-pryamoj-rejs-iz-tallinna-ili-rigi\/#breadcrumb"},"inLanguage":"ru-RU","potentialAction":[{"@type":"ReadAction","target":["https:\/\/atour.ee\/ru\/novye-i-interesnye-napravleniya-pryamoj-rejs-iz-tallinna-ili-rigi\/"]}]},{"@type":"BreadcrumbList","@id":"https:\/\/atour.ee\/ru\/novye-i-interesnye-napravleniya-pryamoj-rejs-iz-tallinna-ili-rigi\/#breadcrumb","itemListElement":[{"@type":"ListItem","position":1,"name":"Home","item":"https:\/\/atour.ee\/ru\/"},{"@type":"ListItem","position":2,"name":"\u041d\u043e\u0432\u044b\u0435 \u0438 \u0438\u043d\u0442\u0435\u0440\u0435\u0441\u043d\u044b\u0435 \u043d\u0430\u043f\u0440\u0430\u0432\u043b\u0435\u043d\u0438\u044f! \u041f\u0440\u044f\u043c\u043e\u0439 \u0440\u0435\u0439\u0441 \u0438\u0437 \u0422\u0430\u043b\u043b\u0438\u043d\u043d\u0430 \u0438\u043b\u0438 \u0420\u0438\u0433\u0438."}]},{"@type":"WebSite","@id":"https:\/\/atour.ee\/ru\/#website","url":"https:\/\/atour.ee\/ru\/","name":"Atour","description":"","publisher":{"@id":"https:\/\/atour.ee\/ru\/#organization"},"potentialAction":[{"@type":"SearchAction","target":{"@type":"EntryPoint","urlTemplate":"https:\/\/atour.ee\/ru\/?s={search_term_string}"},"query-input":{"@type":"PropertyValueSpecification","valueRequired":true,"valueName":"search_term_string"}}],"inLanguage":"ru-RU"},{"@type":"Organization","@id":"https:\/\/atour.ee\/ru\/#organization","name":"Atour","url":"https:\/\/atour.ee\/ru\/","logo":{"@type":"ImageObject","inLanguage":"ru-RU","@id":"https:\/\/atour.ee\/ru\/#\/schema\/logo\/image\/","url":"https:\/\/atour.ee\/wp-content\/uploads\/2023\/12\/atour-logo.svg","contentUrl":"https:\/\/atour.ee\/wp-content\/uploads\/2023\/12\/atour-logo.svg","width":1390,"height":440,"caption":"Atour"},"image":{"@id":"https:\/\/atour.ee\/ru\/#\/schema\/logo\/image\/"},"sameAs":["https:\/\/www.facebook.com\/ReisiburooAtour\/","https:\/\/www.instagram.com\/soodsad.reisipakkumised\/"]}]}},"_links":{"self":[{"href":"https:\/\/atour.ee\/ru\/wp-json\/wp\/v2\/pages\/2833","targetHints":{"allow":["GET"]}}],"collection":[{"href":"https:\/\/atour.ee\/ru\/wp-json\/wp\/v2\/pages"}],"about":[{"href":"https:\/\/atour.ee\/ru\/wp-json\/wp\/v2\/types\/page"}],"author":[{"embeddable":true,"href":"https:\/\/atour.ee\/ru\/wp-json\/wp\/v2\/users\/1"}],"replies":[{"embeddable":true,"href":"https:\/\/atour.ee\/ru\/wp-json\/wp\/v2\/comments?post=2833"}],"version-history":[{"count":1,"href":"https:\/\/atour.ee\/ru\/wp-json\/wp\/v2\/pages\/2833\/revisions"}],"predecessor-version":[{"id":2834,"href":"https:\/\/atour.ee\/ru\/wp-json\/wp\/v2\/pages\/2833\/revisions\/2834"}],"wp:attachment":[{"href":"https:\/\/atour.ee\/ru\/wp-json\/wp\/v2\/media?parent=2833"}],"curies":[{"name":"wp","href":"https:\/\/api.w.org\/{rel}","templated":true}]}}