{"id":6804,"date":"2025-07-10T18:32:11","date_gmt":"2025-07-10T15:32:11","guid":{"rendered":"https:\/\/atour.ee\/?page_id=6804"},"modified":"2025-07-10T18:32:12","modified_gmt":"2025-07-10T15:32:12","slug":"suvi-2026-on-avatud-broneeri-oma-puhkus-juba-tana","status":"publish","type":"page","link":"https:\/\/atour.ee\/ru\/suvi-2026-on-avatud-broneeri-oma-puhkus-juba-tana\/","title":{"rendered":"Suvi 2026 on avatud \u2013 broneeri oma puhkus juba t\u00e4na!"},"content":{"rendered":"\n<p>Kuigi 2025. aasta suvi on veel poole peal, anname stardi juba uuele SUVI\u201826 hooajale!<\/p>\n\n\n\n<h2 class=\"wp-block-heading\">Planeeri oma j\u00e4rgmise aasta puhkus varakult ja saa osa v\u00e4\u00e4rtuslikest lisah\u00fcvedest:<\/h2>\n\n\n\n<ul class=\"wp-block-list\">\n<li>100 \u20ac v\u00e4\u00e4rtuses vaut\u0161er sinu j\u00e4rgmise reisi jaoks \u2013 kehtib 12 kuud<\/li>\n\n\n\n<li>Lisateenuste pakett<\/li>\n<\/ul>\n\n\n\n<p><strong>Lisateenuste paketiga saad veelgi rohkem:<\/strong><\/p>\n\n\n\n<ul class=\"wp-block-list\">\n<li>Fast Track \u2013 kiirem l\u00e4bip\u00e4\u00e4s Tallinna lennujaamas, ilma pikkade j\u00e4rjekordadeta<\/li>\n\n\n\n<li>Istekohad lennukis \u2013 vali endale sobiv koht juba broneerimisel<\/li>\n<\/ul>\n\n\n\n<h2 class=\"wp-block-heading\">Miks tasub oma 2026. aasta suvepuhkus broneerida juba n\u00fc\u00fcd?<\/h2>\n\n\n\n<ul class=\"wp-block-list\">\n<li>Parimad hinnad \u2013 varajane broneerija saab parima hinna<\/li>\n\n\n\n<li>Laiem valik \u2013 rohkem sihtkohti, hotelle ja kuurorte<\/li>\n\n\n\n<li>Kindlustunne \u2013 tead, et j\u00e4rgmine suvi on juba planeeritud<\/li>\n\n\n\n<li>Paindlikud tingimused \u2013 mugavad muutmis- ja t\u00fchistamisv\u00f5imalused<\/li>\n\n\n\n<li><\/li>\n<\/ul>\n\n\n\n<p><strong>100 \u20ac vaut\u0161eri kasutustingimused<\/strong><br>Kehtib k\u00f5igile SUVI\u201826 hooaja reisipakettidele<br>Kehtib uutele broneeringutele, mis on tehtud vahemikus 07.07.2025 \u2013 18.08.2025 (kell 23:59)<br>Vaut\u0161erit saab kasutada teise reisipaketi broneeringul, kui esimese reisi ettemaks on tasutud t\u00e4ies ulatuses<br>Ei kehti, kui esimese broneeringu andmeid on muudetud (nt kuup\u00e4ev, nimi, kestus jne)<br>Teine broneering peab olema tehtud v\u00e4hemalt 21 p\u00e4eva enne reisi algust<br>Minimaalne reisi hind vaut\u0161eri kasutamiseks: 2000 \u20ac (p\u00e4rast soodustuste arvestamist, v.a vaut\u0161er ise)<br>Ei kehti ainult majutuse, lennupiletite v\u00f5i lisateenuste ostuks<br>Kombineeritav valitud kampaaniate ja sihtr\u00fchmade soodustustega (nt v\u00e4iksed grupid, mesin\u00e4dalad, seeniorid)<br>Ei kehti GDS-s\u00fcsteemis, MICE-gruppidele ega erihindadega broneeringutele<br>Ei kehti broneeringutele, mis on tehtud enne 07.07.2025<br>Kui esmane broneering t\u00fchistatakse v\u00f5i kasutatakse paindlikku muutmist, vaut\u0161er muutub kehtetuks<br>Kasutada saab ainult samas b\u00fcroos kust reis oli ostetud<br>Vaut\u0161er kehtib 12 kuud alates v\u00e4ljastamise kuup\u00e4evast<br>Vaut\u0161er on isiklik ja seda saab kasutada ainult esmane broneerija v\u00f5i maksja<br>Vaut\u0161eri edastab e-posti teel reisikonsultant<\/p>\n\n\n\n<p><strong>Eritingimused nimevahetuse ja paindliku muutmise teenustele<\/strong><br>Nimevahetus SUVI\u201926 reiside puhul kuni 18.08.2025 \u2013 hind 0,01 \u20ac\/in (tavahind 30 \u20ac\/in)<br>Paindlik kuup\u00e4evade muutmine SUVI\u201926 reiside puhul kuni 18.08.2025 \u2013 hind 0,01 \u20ac\/in (tavahind 35 \u20ac\/in)<br>Kehtib ainult uute broneeringute puhul ja broneerimise hetkel<br>Nimevahetust saab lisada kuni 21 p\u00e4eva enne reisiEi kehti ainult majutuse, lennupiletite v\u00f5i lisateenuste ostul<br>Ei kehti GDS-s\u00fcsteemis, MICE-gruppidele ega erihindadega broneeringutele<\/p>\n\n\n\n<p><\/p>\n\n\n\n<p><strong>LISATEENUSTE PAKETT.<\/strong> <br>TingimusedLisateenuste pakett kuulub k\u00f5igile reisijatele, kes broneerivad SUVI\u201926 hooaja pakettreisi<br>Tasuta istekoha valik kehtib Coral Traveli t\u0161arterlendudel Freebird lennufirmaga (v.a esimene rida ja avariiv\u00e4ljap\u00e4\u00e4sude juures olevad kohad)<br>Fast Track turvakontroll kehtib ainult Freebird Airlines&#8217;iga Tallinnast v\u00e4ljuvatele lendudele<br>Lisateenuste pakett lisatakse uuele broneeringule automaatselt. <br>Reisija peab ise valima istekoha lennukis ning teavitama sellest oma reisikonsultanti e-posti teel<br>Fast Track teenuse koodi(de) saamiseks peab reisija v\u00f5tma \u00fchendust oma reisikonsultandiga p\u00e4rast reisi l\u00f5pliku makse laekumist, kuid hiljemalt 10 p\u00e4eva enne reisi algust \u2013 samuti e-posti teel aadressil oma personaalsele reisikonsultandile. <\/p>\n\n\n\n<p><\/p>\n","protected":false},"excerpt":{"rendered":"<p>Kuigi 2025. aasta suvi on veel poole peal, anname stardi juba uuele SUVI\u201826 hooajale! Planeeri oma j\u00e4rgmise aasta puhkus varakult ja saa osa v\u00e4\u00e4rtuslikest lisah\u00fcvedest: Lisateenuste paketiga saad veelgi rohkem: Miks tasub oma 2026. aasta suvepuhkus broneerida juba n\u00fc\u00fcd? 100 \u20ac vaut\u0161eri kasutustingimusedKehtib k\u00f5igile SUVI\u201826 hooaja reisipakettideleKehtib uutele broneeringutele, mis on tehtud vahemikus 07.07.2025 \u2013 [&hellip;]<\/p>\n","protected":false},"author":1,"featured_media":0,"parent":0,"menu_order":0,"comment_status":"closed","ping_status":"closed","template":"","meta":{"_acf_changed":false,"inline_featured_image":false,"footnotes":""},"class_list":["post-6804","page","type-page","status-publish","hentry"],"acf":[],"yoast_head":"<!-- This site is optimized with the Yoast SEO plugin v27.3 - https:\/\/yoast.com\/product\/yoast-seo-wordpress\/ -->\n<title>Suvi 2026 on avatud \u2013 broneeri oma puhkus juba t\u00e4na! - Atour<\/title>\n<meta name=\"robots\" content=\"index, follow, max-snippet:-1, max-image-preview:large, max-video-preview:-1\" \/>\n<link rel=\"canonical\" href=\"https:\/\/atour.ee\/ru\/suvi-2026-on-avatud-broneeri-oma-puhkus-juba-tana\/\" \/>\n<meta property=\"og:locale\" content=\"ru_RU\" \/>\n<meta property=\"og:type\" content=\"article\" \/>\n<meta property=\"og:title\" content=\"Suvi 2026 on avatud \u2013 broneeri oma puhkus juba t\u00e4na! - Atour\" \/>\n<meta property=\"og:description\" content=\"Kuigi 2025. aasta suvi on veel poole peal, anname stardi juba uuele SUVI\u201826 hooajale! Planeeri oma j\u00e4rgmise aasta puhkus varakult ja saa osa v\u00e4\u00e4rtuslikest lisah\u00fcvedest: Lisateenuste paketiga saad veelgi rohkem: Miks tasub oma 2026. aasta suvepuhkus broneerida juba n\u00fc\u00fcd? 100 \u20ac vaut\u0161eri kasutustingimusedKehtib k\u00f5igile SUVI\u201826 hooaja reisipakettideleKehtib uutele broneeringutele, mis on tehtud vahemikus 07.07.2025 \u2013 [&hellip;]\" \/>\n<meta property=\"og:url\" content=\"https:\/\/atour.ee\/ru\/suvi-2026-on-avatud-broneeri-oma-puhkus-juba-tana\/\" \/>\n<meta property=\"og:site_name\" content=\"Atour\" \/>\n<meta property=\"article:publisher\" content=\"https:\/\/www.facebook.com\/ReisiburooAtour\/\" \/>\n<meta property=\"article:modified_time\" content=\"2025-07-10T15:32:12+00:00\" \/>\n<meta property=\"og:image\" content=\"https:\/\/atour.ee\/wp-content\/uploads\/2023\/12\/Favicon.jpeg\" \/>\n\t<meta property=\"og:image:width\" content=\"882\" \/>\n\t<meta property=\"og:image:height\" content=\"881\" \/>\n\t<meta property=\"og:image:type\" content=\"image\/jpeg\" \/>\n<meta name=\"twitter:card\" content=\"summary_large_image\" \/>\n<meta name=\"twitter:label1\" content=\"\u041f\u0440\u0438\u043c\u0435\u0440\u043d\u043e\u0435 \u0432\u0440\u0435\u043c\u044f \u0434\u043b\u044f \u0447\u0442\u0435\u043d\u0438\u044f\" \/>\n\t<meta name=\"twitter:data1\" content=\"3 \u043c\u0438\u043d\u0443\u0442\u044b\" \/>\n<script type=\"application\/ld+json\" class=\"yoast-schema-graph\">{\"@context\":\"https:\\\/\\\/schema.org\",\"@graph\":[{\"@type\":\"WebPage\",\"@id\":\"https:\\\/\\\/atour.ee\\\/ru\\\/suvi-2026-on-avatud-broneeri-oma-puhkus-juba-tana\\\/\",\"url\":\"https:\\\/\\\/atour.ee\\\/ru\\\/suvi-2026-on-avatud-broneeri-oma-puhkus-juba-tana\\\/\",\"name\":\"Suvi 2026 on avatud \u2013 broneeri oma puhkus juba t\u00e4na! - Atour\",\"isPartOf\":{\"@id\":\"https:\\\/\\\/atour.ee\\\/ru\\\/#website\"},\"datePublished\":\"2025-07-10T15:32:11+00:00\",\"dateModified\":\"2025-07-10T15:32:12+00:00\",\"breadcrumb\":{\"@id\":\"https:\\\/\\\/atour.ee\\\/ru\\\/suvi-2026-on-avatud-broneeri-oma-puhkus-juba-tana\\\/#breadcrumb\"},\"inLanguage\":\"ru-RU\",\"potentialAction\":[{\"@type\":\"ReadAction\",\"target\":[\"https:\\\/\\\/atour.ee\\\/ru\\\/suvi-2026-on-avatud-broneeri-oma-puhkus-juba-tana\\\/\"]}]},{\"@type\":\"BreadcrumbList\",\"@id\":\"https:\\\/\\\/atour.ee\\\/ru\\\/suvi-2026-on-avatud-broneeri-oma-puhkus-juba-tana\\\/#breadcrumb\",\"itemListElement\":[{\"@type\":\"ListItem\",\"position\":1,\"name\":\"Home\",\"item\":\"https:\\\/\\\/atour.ee\\\/ru\\\/\"},{\"@type\":\"ListItem\",\"position\":2,\"name\":\"Suvi 2026 on avatud \u2013 broneeri oma puhkus juba t\u00e4na!\"}]},{\"@type\":\"WebSite\",\"@id\":\"https:\\\/\\\/atour.ee\\\/ru\\\/#website\",\"url\":\"https:\\\/\\\/atour.ee\\\/ru\\\/\",\"name\":\"Atour\",\"description\":\"\",\"publisher\":{\"@id\":\"https:\\\/\\\/atour.ee\\\/ru\\\/#organization\"},\"potentialAction\":[{\"@type\":\"SearchAction\",\"target\":{\"@type\":\"EntryPoint\",\"urlTemplate\":\"https:\\\/\\\/atour.ee\\\/ru\\\/?s={search_term_string}\"},\"query-input\":{\"@type\":\"PropertyValueSpecification\",\"valueRequired\":true,\"valueName\":\"search_term_string\"}}],\"inLanguage\":\"ru-RU\"},{\"@type\":\"Organization\",\"@id\":\"https:\\\/\\\/atour.ee\\\/ru\\\/#organization\",\"name\":\"Atour\",\"url\":\"https:\\\/\\\/atour.ee\\\/ru\\\/\",\"logo\":{\"@type\":\"ImageObject\",\"inLanguage\":\"ru-RU\",\"@id\":\"https:\\\/\\\/atour.ee\\\/ru\\\/#\\\/schema\\\/logo\\\/image\\\/\",\"url\":\"https:\\\/\\\/atour.ee\\\/wp-content\\\/uploads\\\/2023\\\/12\\\/atour-logo.svg\",\"contentUrl\":\"https:\\\/\\\/atour.ee\\\/wp-content\\\/uploads\\\/2023\\\/12\\\/atour-logo.svg\",\"width\":1390,\"height\":440,\"caption\":\"Atour\"},\"image\":{\"@id\":\"https:\\\/\\\/atour.ee\\\/ru\\\/#\\\/schema\\\/logo\\\/image\\\/\"},\"sameAs\":[\"https:\\\/\\\/www.facebook.com\\\/ReisiburooAtour\\\/\",\"https:\\\/\\\/www.instagram.com\\\/soodsad.reisipakkumised\\\/\"]}]}<\/script>\n<!-- \/ Yoast SEO plugin. -->","yoast_head_json":{"title":"Suvi 2026 on avatud \u2013 broneeri oma puhkus juba t\u00e4na! - Atour","robots":{"index":"index","follow":"follow","max-snippet":"max-snippet:-1","max-image-preview":"max-image-preview:large","max-video-preview":"max-video-preview:-1"},"canonical":"https:\/\/atour.ee\/ru\/suvi-2026-on-avatud-broneeri-oma-puhkus-juba-tana\/","og_locale":"ru_RU","og_type":"article","og_title":"Suvi 2026 on avatud \u2013 broneeri oma puhkus juba t\u00e4na! - Atour","og_description":"Kuigi 2025. aasta suvi on veel poole peal, anname stardi juba uuele SUVI\u201826 hooajale! Planeeri oma j\u00e4rgmise aasta puhkus varakult ja saa osa v\u00e4\u00e4rtuslikest lisah\u00fcvedest: Lisateenuste paketiga saad veelgi rohkem: Miks tasub oma 2026. aasta suvepuhkus broneerida juba n\u00fc\u00fcd? 100 \u20ac vaut\u0161eri kasutustingimusedKehtib k\u00f5igile SUVI\u201826 hooaja reisipakettideleKehtib uutele broneeringutele, mis on tehtud vahemikus 07.07.2025 \u2013 [&hellip;]","og_url":"https:\/\/atour.ee\/ru\/suvi-2026-on-avatud-broneeri-oma-puhkus-juba-tana\/","og_site_name":"Atour","article_publisher":"https:\/\/www.facebook.com\/ReisiburooAtour\/","article_modified_time":"2025-07-10T15:32:12+00:00","og_image":[{"width":882,"height":881,"url":"https:\/\/atour.ee\/wp-content\/uploads\/2023\/12\/Favicon.jpeg","type":"image\/jpeg"}],"twitter_card":"summary_large_image","twitter_misc":{"\u041f\u0440\u0438\u043c\u0435\u0440\u043d\u043e\u0435 \u0432\u0440\u0435\u043c\u044f \u0434\u043b\u044f \u0447\u0442\u0435\u043d\u0438\u044f":"3 \u043c\u0438\u043d\u0443\u0442\u044b"},"schema":{"@context":"https:\/\/schema.org","@graph":[{"@type":"WebPage","@id":"https:\/\/atour.ee\/ru\/suvi-2026-on-avatud-broneeri-oma-puhkus-juba-tana\/","url":"https:\/\/atour.ee\/ru\/suvi-2026-on-avatud-broneeri-oma-puhkus-juba-tana\/","name":"Suvi 2026 on avatud \u2013 broneeri oma puhkus juba t\u00e4na! - Atour","isPartOf":{"@id":"https:\/\/atour.ee\/ru\/#website"},"datePublished":"2025-07-10T15:32:11+00:00","dateModified":"2025-07-10T15:32:12+00:00","breadcrumb":{"@id":"https:\/\/atour.ee\/ru\/suvi-2026-on-avatud-broneeri-oma-puhkus-juba-tana\/#breadcrumb"},"inLanguage":"ru-RU","potentialAction":[{"@type":"ReadAction","target":["https:\/\/atour.ee\/ru\/suvi-2026-on-avatud-broneeri-oma-puhkus-juba-tana\/"]}]},{"@type":"BreadcrumbList","@id":"https:\/\/atour.ee\/ru\/suvi-2026-on-avatud-broneeri-oma-puhkus-juba-tana\/#breadcrumb","itemListElement":[{"@type":"ListItem","position":1,"name":"Home","item":"https:\/\/atour.ee\/ru\/"},{"@type":"ListItem","position":2,"name":"Suvi 2026 on avatud \u2013 broneeri oma puhkus juba t\u00e4na!"}]},{"@type":"WebSite","@id":"https:\/\/atour.ee\/ru\/#website","url":"https:\/\/atour.ee\/ru\/","name":"Atour","description":"","publisher":{"@id":"https:\/\/atour.ee\/ru\/#organization"},"potentialAction":[{"@type":"SearchAction","target":{"@type":"EntryPoint","urlTemplate":"https:\/\/atour.ee\/ru\/?s={search_term_string}"},"query-input":{"@type":"PropertyValueSpecification","valueRequired":true,"valueName":"search_term_string"}}],"inLanguage":"ru-RU"},{"@type":"Organization","@id":"https:\/\/atour.ee\/ru\/#organization","name":"Atour","url":"https:\/\/atour.ee\/ru\/","logo":{"@type":"ImageObject","inLanguage":"ru-RU","@id":"https:\/\/atour.ee\/ru\/#\/schema\/logo\/image\/","url":"https:\/\/atour.ee\/wp-content\/uploads\/2023\/12\/atour-logo.svg","contentUrl":"https:\/\/atour.ee\/wp-content\/uploads\/2023\/12\/atour-logo.svg","width":1390,"height":440,"caption":"Atour"},"image":{"@id":"https:\/\/atour.ee\/ru\/#\/schema\/logo\/image\/"},"sameAs":["https:\/\/www.facebook.com\/ReisiburooAtour\/","https:\/\/www.instagram.com\/soodsad.reisipakkumised\/"]}]}},"_links":{"self":[{"href":"https:\/\/atour.ee\/ru\/wp-json\/wp\/v2\/pages\/6804","targetHints":{"allow":["GET"]}}],"collection":[{"href":"https:\/\/atour.ee\/ru\/wp-json\/wp\/v2\/pages"}],"about":[{"href":"https:\/\/atour.ee\/ru\/wp-json\/wp\/v2\/types\/page"}],"author":[{"embeddable":true,"href":"https:\/\/atour.ee\/ru\/wp-json\/wp\/v2\/users\/1"}],"replies":[{"embeddable":true,"href":"https:\/\/atour.ee\/ru\/wp-json\/wp\/v2\/comments?post=6804"}],"version-history":[{"count":1,"href":"https:\/\/atour.ee\/ru\/wp-json\/wp\/v2\/pages\/6804\/revisions"}],"predecessor-version":[{"id":6805,"href":"https:\/\/atour.ee\/ru\/wp-json\/wp\/v2\/pages\/6804\/revisions\/6805"}],"wp:attachment":[{"href":"https:\/\/atour.ee\/ru\/wp-json\/wp\/v2\/media?parent=6804"}],"curies":[{"name":"wp","href":"https:\/\/api.w.org\/{rel}","templated":true}]}}